{"id":212,"date":"2025-09-20T10:00:41","date_gmt":"2025-09-20T10:00:41","guid":{"rendered":"https:\/\/lions.innodev.nl\/?page_id=212"},"modified":"2026-03-01T20:39:03","modified_gmt":"2026-03-01T20:39:03","slug":"lions-raalte-wijnactie-2025","status":"publish","type":"page","link":"https:\/\/lionsclubraalte.nl\/event\/","title":{"rendered":"Lions Raalte Wijnactie 2025"},"content":{"rendered":"\n<p>Met veel plezier presenteren wij de jaarlijkse\u00a0<strong>Wijnactie van Lionsclub Raalte<\/strong>. Door een bestelling te plaatsen, draagt u direct bij aan het\u00a0<strong><a href=\"https:\/\/decirkelraalte.nl\/respijtzorg\/\" data-type=\"link\" data-id=\"https:\/\/decirkelraalte.nl\/respijtzorg\/\" target=\"_blank\" rel=\"noreferrer noopener\">Anton Riet Huis<\/a><\/strong>, een Respijthuis bij het hospice in Raalte. Hier kunnen mensen die langdurige zorg nodig hebben tijdelijk verblijven, zodat hun mantelzorgers even op adem kunnen komen. Met deze actie helpen we samen om het mede mogelijk te maken.<\/p>\n\n\n\n<p>\u2728&nbsp;<strong>Genieten \u00e9n geven in \u00e9\u00e9n glas<\/strong><br>Onze leden hebben met zorg een aantal prachtige wijnen geselecteerd. Rode of witte wijn, voor bij een gezellig diner, een feestelijke avond of gewoon samen op de bank \u2013 deze wijnen brengen sfeer en smaak. En met de feestdagen in aantocht is dit h\u00e9t moment om in te slaan.<\/p>\n\n\n\n<p>\ud83d\udce6&nbsp;<strong>Zo werkt het bestellen<\/strong><\/p>\n\n\n\n<ul class=\"wp-block-list\">\n<li>U bestelt per doos van 6 flessen; meer dozen is mogelijk.<\/li>\n\n\n\n<li>Bestellen kan eenvoudig via onze webwinkel, bij de desbetreffende wijnen.<\/li>\n\n\n\n<li>Betaling vooraf is noodzakelijk om uw bestelling te bevestigen.<\/li>\n\n\n\n<li>Bezorging is gratis in de rechthoek Zwolle, Wijhe\/Olst, Deventer, Bathmen, Holten, Nijverdal\/Hellendoorn, Ommen en Dalfsen. Daarbuiten rekenen wij bezorgkosten.<\/li>\n<\/ul>\n\n\n\n<div class=\"wp-block-buttons alignfull is-content-justification-center is-layout-flex wp-container-core-buttons-is-layout-a89b3969 wp-block-buttons-is-layout-flex\">\n<div class=\"wp-block-button is-style-outline is-style-outline--1\"><a class=\"wp-block-button__link wp-element-button\" href=\"https:\/\/lionsclubraalte.nl\/event\/winkel\/\">Naar de Winkel<\/a><\/div>\n<\/div>\n\n\n\n<p>\ud83d\uddd3&nbsp;<strong>Belangrijke datums<\/strong><\/p>\n\n\n\n<ul class=\"wp-block-list\">\n<li><a href=\"https:\/\/lionsclubraalte.nl\/event\/winkel\" data-type=\"page\" data-id=\"124\">Bestellen kan tot zaterdag\u00a0<strong>15 november<\/strong>.<\/a><\/li>\n\n\n\n<li>Levering vindt plaats vanaf donderdag&nbsp;<strong>27 november<\/strong>, ruim op tijd voor de feestdagen.<\/li>\n<\/ul>\n\n\n\n<p>Geniet van een goed glas wijn en steun tegelijk een prachtig goed doel.&nbsp;<strong>Bestel vandaag nog en proost mee op zorg en verbondenheid!<\/strong>&nbsp;\ud83c\udf77\ud83d\udc9b<\/p>\n\n\n\n<div class=\"wp-block-buttons is-layout-flex wp-block-buttons-is-layout-flex\"><\/div>\n\n\n\n<p><\/p>\n","protected":false},"excerpt":{"rendered":"<p>Met veel plezier presenteren wij de jaarlijkse\u00a0Wijnactie van Lionsclub Raalte. Door een bestelling te plaatsen, draagt u direct bij aan het\u00a0Anton Riet Huis, een Respijthuis bij het hospice in Raalte. Hier kunnen mensen die langdurige zorg nodig hebben tijdelijk verblijven, zodat hun mantelzorgers even op adem kunnen komen. Met deze actie helpen we samen om [&hellip;]<\/p>\n","protected":false},"author":1,"featured_media":0,"parent":0,"menu_order":0,"comment_status":"closed","ping_status":"closed","template":"","meta":{"footnotes":""},"class_list":["post-212","page","type-page","status-publish","hentry"],"_links":{"self":[{"href":"https:\/\/lionsclubraalte.nl\/event\/wp-json\/wp\/v2\/pages\/212","targetHints":{"allow":["GET"]}}],"collection":[{"href":"https:\/\/lionsclubraalte.nl\/event\/wp-json\/wp\/v2\/pages"}],"about":[{"href":"https:\/\/lionsclubraalte.nl\/event\/wp-json\/wp\/v2\/types\/page"}],"author":[{"embeddable":true,"href":"https:\/\/lionsclubraalte.nl\/event\/wp-json\/wp\/v2\/users\/1"}],"replies":[{"embeddable":true,"href":"https:\/\/lionsclubraalte.nl\/event\/wp-json\/wp\/v2\/comments?post=212"}],"version-history":[{"count":10,"href":"https:\/\/lionsclubraalte.nl\/event\/wp-json\/wp\/v2\/pages\/212\/revisions"}],"predecessor-version":[{"id":280,"href":"https:\/\/lionsclubraalte.nl\/event\/wp-json\/wp\/v2\/pages\/212\/revisions\/280"}],"wp:attachment":[{"href":"https:\/\/lionsclubraalte.nl\/event\/wp-json\/wp\/v2\/media?parent=212"}],"curies":[{"name":"wp","href":"https:\/\/api.w.org\/{rel}","templated":true}]}}